{"id":307,"date":"2024-12-15T22:31:59","date_gmt":"2024-12-15T21:31:59","guid":{"rendered":"https:\/\/www.bluesbar.hu\/?page_id=307"},"modified":"2025-03-13T17:51:58","modified_gmt":"2025-03-13T16:51:58","slug":"etlap-itallap","status":"publish","type":"page","link":"https:\/\/www.bluesbar.hu\/en\/etlap-itallap\/","title":{"rendered":"Menu"},"content":{"rendered":"<p>[et_pb_section fb_built=&#8221;1&#8243; _builder_version=&#8221;4.27.3&#8243; _module_preset=&#8221;default&#8221; background_color=&#8221;#111111&#8243; use_background_color_gradient=&#8221;on&#8221; background_color_gradient_stops=&#8221;rgba(27,27,25,0.8) 0%|rgba(27,27,25,0.8) 100%&#8221; background_color_gradient_overlays_image=&#8221;on&#8221; background_image=&#8221;https:\/\/www.bluesbar.hu\/wp-content\/uploads\/2024\/12\/bluesbarbg-1.jpg&#8221; background_repeat=&#8221;repeat-y&#8221; custom_margin=&#8221;0px||0px||false|false&#8221; custom_padding=&#8221;120px||50px||false|false&#8221; global_colors_info=&#8221;{}&#8221;][et_pb_row _builder_version=&#8221;4.27.3&#8243; _module_preset=&#8221;default&#8221; custom_margin=&#8221;0px||||false|false&#8221; custom_padding=&#8221;0px||0px||false|false&#8221; global_colors_info=&#8221;{}&#8221;][et_pb_column type=&#8221;4_4&#8243; _builder_version=&#8221;4.27.3&#8243; _module_preset=&#8221;default&#8221; global_colors_info=&#8221;{}&#8221;][et_pb_text _builder_version=&#8221;4.27.3&#8243; _module_preset=&#8221;default&#8221; header_2_font=&#8221;ench||||||||&#8221; header_2_text_align=&#8221;center&#8221; header_2_text_color=&#8221;#dddddd&#8221; header_2_font_size=&#8221;68px&#8221; global_colors_info=&#8221;{}&#8221;]<\/p>\n<h2>Menu<\/h2>\n<p>[\/et_pb_text][\/et_pb_column][\/et_pb_row][et_pb_row _builder_version=&#8221;4.27.3&#8243; _module_preset=&#8221;default&#8221; hover_enabled=&#8221;0&#8243; global_colors_info=&#8221;{}&#8221; width=&#8221;90%&#8221; max_width=&#8221;1600px&#8221; sticky_enabled=&#8221;0&#8243;][et_pb_column type=&#8221;4_4&#8243; _builder_version=&#8221;4.27.3&#8243; _module_preset=&#8221;default&#8221; global_colors_info=&#8221;{}&#8221;][dipl_masonry_gallery _builder_version=&#8221;4.27.3&#8243; _module_preset=&#8221;default&#8221; image_ids=&#8221;486,487,488,489,490,491,492,493,494&#8243; number_of_columns=&#8221;3&#8243; image_size=&#8221;large&#8221; enable_lightbox=&#8221;on&#8221; lightbox_title_and_caption_style=&#8221;below_image&#8221; hover_enabled=&#8221;0&#8243; sticky_enabled=&#8221;0&#8243; number_of_columns_last_edited=&#8221;on|phone&#8221; number_of_columns_phone=&#8221;1&#8243; column_spacing=&#8221;10px&#8221; number_of_columns_tablet=&#8221;3&#8243;][\/dipl_masonry_gallery][\/et_pb_column][\/et_pb_row][\/et_pb_section][et_pb_section fb_built=&#8221;1&#8243; _builder_version=&#8221;4.27.3&#8243; _module_preset=&#8221;default&#8221; custom_padding=&#8221;0px||0px||false|false&#8221; border_width_top=&#8221;2px&#8221; border_color_top=&#8221;#950303&#8243; border_width_bottom=&#8221;2px&#8221; border_color_bottom=&#8221;#950303&#8243; global_colors_info=&#8221;{}&#8221;][et_pb_row _builder_version=&#8221;4.27.3&#8243; _module_preset=&#8221;default&#8221; width=&#8221;100%&#8221; max_width=&#8221;2440px&#8221; custom_padding=&#8221;0px||0px||false|false&#8221; global_colors_info=&#8221;{}&#8221;][et_pb_column type=&#8221;4_4&#8243; _builder_version=&#8221;4.27.3&#8243; _module_preset=&#8221;default&#8221; global_colors_info=&#8221;{}&#8221;][et_pb_image src=&#8221;https:\/\/www.bluesbar.hu\/wp-content\/uploads\/2024\/12\/decor-line-2-black.jpg&#8221; title_text=&#8221;decor-line-2-black&#8221; _builder_version=&#8221;4.27.3&#8243; _module_preset=&#8221;default&#8221; global_colors_info=&#8221;{}&#8221;][\/et_pb_image][\/et_pb_column][\/et_pb_row][\/et_pb_section]<\/p>","protected":false},"excerpt":{"rendered":"<p>Menu<div class=\"et_pb_module dipl_masonry_gallery dipl_masonry_gallery_0\">\n\t\t\t\t\n\t\t\t\t\n\t\t\t\t\n\t\t\t\t\n\t\t\t\t\n\t\t\t\t\n\t\t\t\t<div class=\"et_pb_module_inner\">\n\t\t\t\t\t<div class=\"dipl_masonry_gallery_wrapper\">\n\t\t\t\t<div class=\"dipl_masonry_gallery_item_gutter\"><\/div>\n\t\t\t\t<a href=\"https:\/\/www.bluesbar.hu\/wp-content\/uploads\/2025\/03\/etlap-01-k.jpg\" class=\"dipl_masonry_gallery_item\">\n\t\t\t\t\t\t<div class=\"dipl_masonry_gallery_image_wrapper\"><img width=\"729\" height=\"1024\" src=\"https:\/\/www.bluesbar.hu\/wp-content\/uploads\/2025\/03\/etlap-01-k-729x1024.jpg\" class=\"attachment-large size-large no-lazyload skip-lazy\" alt=\"\" decoding=\"async\" loading=\"lazy\" \/> <\/div>\n\t\t\t\t\t\t\n\t\t\t\t\t<\/a><a href=\"https:\/\/www.bluesbar.hu\/wp-content\/uploads\/2025\/03\/etlap-02-k.jpg\" class=\"dipl_masonry_gallery_item\">\n\t\t\t\t\t\t<div class=\"dipl_masonry_gallery_image_wrapper\"><img width=\"729\" height=\"1024\" src=\"https:\/\/www.bluesbar.hu\/wp-content\/uploads\/2025\/03\/etlap-02-k-729x1024.jpg\" class=\"attachment-large size-large no-lazyload skip-lazy\" alt=\"\" decoding=\"async\" loading=\"lazy\" \/> <\/div>\n\t\t\t\t\t\t\n\t\t\t\t\t<\/a><a href=\"https:\/\/www.bluesbar.hu\/wp-content\/uploads\/2025\/03\/etlap-03-k.jpg\" class=\"dipl_masonry_gallery_item\">\n\t\t\t\t\t\t<div class=\"dipl_masonry_gallery_image_wrapper\"><img width=\"729\" height=\"1024\" src=\"https:\/\/www.bluesbar.hu\/wp-content\/uploads\/2025\/03\/etlap-03-k-729x1024.jpg\" class=\"attachment-large size-large no-lazyload skip-lazy\" alt=\"\" decoding=\"async\" loading=\"lazy\" \/> <\/div>\n\t\t\t\t\t\t\n\t\t\t\t\t<\/a><a href=\"https:\/\/www.bluesbar.hu\/wp-content\/uploads\/2025\/03\/etlap-04-k.jpg\" class=\"dipl_masonry_gallery_item\">\n\t\t\t\t\t\t<div class=\"dipl_masonry_gallery_image_wrapper\"><img width=\"729\" height=\"1024\" src=\"https:\/\/www.bluesbar.hu\/wp-content\/uploads\/2025\/03\/etlap-04-k-729x1024.jpg\" class=\"attachment-large size-large no-lazyload skip-lazy\" alt=\"\" decoding=\"async\" loading=\"lazy\" \/> <\/div>\n\t\t\t\t\t\t\n\t\t\t\t\t<\/a><a href=\"https:\/\/www.bluesbar.hu\/wp-content\/uploads\/2025\/03\/etlap-05-k.jpg\" class=\"dipl_masonry_gallery_item\">\n\t\t\t\t\t\t<div class=\"dipl_masonry_gallery_image_wrapper\"><img width=\"729\" height=\"1024\" src=\"https:\/\/www.bluesbar.hu\/wp-content\/uploads\/2025\/03\/etlap-05-k-729x1024.jpg\" class=\"attachment-large size-large no-lazyload skip-lazy\" alt=\"\" decoding=\"async\" loading=\"lazy\" \/> <\/div>\n\t\t\t\t\t\t\n\t\t\t\t\t<\/a><a href=\"https:\/\/www.bluesbar.hu\/wp-content\/uploads\/2025\/03\/etlap-06-k.jpg\" class=\"dipl_masonry_gallery_item\">\n\t\t\t\t\t\t<div class=\"dipl_masonry_gallery_image_wrapper\"><img width=\"729\" height=\"1024\" src=\"https:\/\/www.bluesbar.hu\/wp-content\/uploads\/2025\/03\/etlap-06-k-729x1024.jpg\" class=\"attachment-large size-large no-lazyload skip-lazy\" alt=\"\" decoding=\"async\" loading=\"lazy\" \/> <\/div>\n\t\t\t\t\t\t\n\t\t\t\t\t<\/a><a href=\"https:\/\/www.bluesbar.hu\/wp-content\/uploads\/2025\/03\/etlap-07-k.jpg\" class=\"dipl_masonry_gallery_item\">\n\t\t\t\t\t\t<div class=\"dipl_masonry_gallery_image_wrapper\"><img width=\"729\" height=\"1024\" src=\"https:\/\/www.bluesbar.hu\/wp-content\/uploads\/2025\/03\/etlap-07-k-729x1024.jpg\" class=\"attachment-large size-large no-lazyload skip-lazy\" alt=\"\" decoding=\"async\" loading=\"lazy\" \/> <\/div>\n\t\t\t\t\t\t\n\t\t\t\t\t<\/a><a href=\"https:\/\/www.bluesbar.hu\/wp-content\/uploads\/2025\/03\/etlap-08-k.jpg\" class=\"dipl_masonry_gallery_item\">\n\t\t\t\t\t\t<div class=\"dipl_masonry_gallery_image_wrapper\"><img width=\"729\" height=\"1024\" src=\"https:\/\/www.bluesbar.hu\/wp-content\/uploads\/2025\/03\/etlap-08-k-729x1024.jpg\" class=\"attachment-large size-large no-lazyload skip-lazy\" alt=\"\" decoding=\"async\" loading=\"lazy\" \/> <\/div>\n\t\t\t\t\t\t\n\t\t\t\t\t<\/a><a href=\"https:\/\/www.bluesbar.hu\/wp-content\/uploads\/2025\/03\/etlap-09-k.jpg\" class=\"dipl_masonry_gallery_item\">\n\t\t\t\t\t\t<div class=\"dipl_masonry_gallery_image_wrapper\"><img width=\"729\" height=\"1024\" src=\"https:\/\/www.bluesbar.hu\/wp-content\/uploads\/2025\/03\/etlap-09-k-729x1024.jpg\" class=\"attachment-large size-large no-lazyload skip-lazy\" alt=\"\" decoding=\"async\" loading=\"lazy\" \/> <\/div>\n\t\t\t\t\t\t\n\t\t\t\t\t<\/a>\n\t\t\t<\/div>\n\t\t\t\t<\/div>\n\t\t\t<\/div><\/p>","protected":false},"author":1,"featured_media":0,"parent":0,"menu_order":0,"comment_status":"closed","ping_status":"closed","template":"","meta":{"_et_pb_use_builder":"on","_et_pb_old_content":"","_et_gb_content_width":"","footnotes":""},"class_list":["post-307","page","type-page","status-publish","hentry"],"yoast_head":"<!-- This site is optimized with the Yoast SEO plugin v24.0 - https:\/\/yoast.com\/wordpress\/plugins\/seo\/ -->\n<title>\u00c9tlap, itallap - Renegade Tattoo &amp; Blues Bar<\/title>\n<meta name=\"robots\" content=\"index, follow, max-snippet:-1, max-image-preview:large, max-video-preview:-1\" \/>\n<link rel=\"canonical\" href=\"https:\/\/www.bluesbar.hu\/en\/etlap-itallap\/\" \/>\n<meta property=\"og:locale\" content=\"en_US\" \/>\n<meta property=\"og:type\" content=\"article\" \/>\n<meta property=\"og:title\" content=\"\u00c9tlap, itallap - Renegade Tattoo &amp; Blues Bar\" \/>\n<meta property=\"og:description\" content=\"Min\u0151s\u00e9gi kikapcsol\u00f3d\u00e1st k\u00edn\u00e1lunk b\u00e1runkban, ahol h\u00e9tv\u00e9genk\u00e9nt \u00e9l\u0151zenei koncerteken vehetnek r\u00e9sz vend\u00e9geink, vagy verseny szint\u0171 darts p\u00e1ly\u00e1ink egyik\u00e9n pr\u00f3b\u00e1lhatj\u00e1k ki az egyik legismertebb \u201ekocsma sportot\u201d, esetleg nagyk\u00e9perny\u0151s t\u00e9v\u00e9ink egyik\u00e9n szurkolhatnak az [&hellip;]\" \/>\n<meta property=\"og:url\" content=\"https:\/\/www.bluesbar.hu\/en\/etlap-itallap\/\" \/>\n<meta property=\"og:site_name\" content=\"Renegade Tattoo &amp; Blues Bar\" \/>\n<meta property=\"article:modified_time\" content=\"2025-03-13T16:51:58+00:00\" \/>\n<meta name=\"twitter:card\" content=\"summary_large_image\" \/>\n<meta name=\"twitter:label1\" content=\"Est. reading time\" \/>\n\t<meta name=\"twitter:data1\" content=\"2 minutes\" \/>\n<script type=\"application\/ld+json\" class=\"yoast-schema-graph\">{\"@context\":\"https:\/\/schema.org\",\"@graph\":[{\"@type\":\"WebPage\",\"@id\":\"https:\/\/www.bluesbar.hu\/etlap-itallap\/\",\"url\":\"https:\/\/www.bluesbar.hu\/etlap-itallap\/\",\"name\":\"\u00c9tlap, itallap - Renegade Tattoo &amp; Blues Bar\",\"isPartOf\":{\"@id\":\"https:\/\/www.bluesbar.hu\/#website\"},\"datePublished\":\"2024-12-15T21:31:59+00:00\",\"dateModified\":\"2025-03-13T16:51:58+00:00\",\"breadcrumb\":{\"@id\":\"https:\/\/www.bluesbar.hu\/etlap-itallap\/#breadcrumb\"},\"inLanguage\":\"en-US\",\"potentialAction\":[{\"@type\":\"ReadAction\",\"target\":[\"https:\/\/www.bluesbar.hu\/etlap-itallap\/\"]}]},{\"@type\":\"BreadcrumbList\",\"@id\":\"https:\/\/www.bluesbar.hu\/etlap-itallap\/#breadcrumb\",\"itemListElement\":[{\"@type\":\"ListItem\",\"position\":1,\"name\":\"Kezd\u0151lap\",\"item\":\"https:\/\/www.bluesbar.hu\/\"},{\"@type\":\"ListItem\",\"position\":2,\"name\":\"\u00c9tlap, itallap\"}]},{\"@type\":\"WebSite\",\"@id\":\"https:\/\/www.bluesbar.hu\/#website\",\"url\":\"https:\/\/www.bluesbar.hu\/\",\"name\":\"Renegade Tattoo &amp; Blues Bar\",\"description\":\"\",\"potentialAction\":[{\"@type\":\"SearchAction\",\"target\":{\"@type\":\"EntryPoint\",\"urlTemplate\":\"https:\/\/www.bluesbar.hu\/?s={search_term_string}\"},\"query-input\":{\"@type\":\"PropertyValueSpecification\",\"valueRequired\":true,\"valueName\":\"search_term_string\"}}],\"inLanguage\":\"en-US\"}]}<\/script>\n<!-- \/ Yoast SEO plugin. -->","yoast_head_json":{"title":"\u00c9tlap, itallap - Renegade Tattoo &amp; Blues Bar","robots":{"index":"index","follow":"follow","max-snippet":"max-snippet:-1","max-image-preview":"max-image-preview:large","max-video-preview":"max-video-preview:-1"},"canonical":"https:\/\/www.bluesbar.hu\/en\/etlap-itallap\/","og_locale":"en_US","og_type":"article","og_title":"\u00c9tlap, itallap - Renegade Tattoo &amp; Blues Bar","og_description":"Min\u0151s\u00e9gi kikapcsol\u00f3d\u00e1st k\u00edn\u00e1lunk b\u00e1runkban, ahol h\u00e9tv\u00e9genk\u00e9nt \u00e9l\u0151zenei koncerteken vehetnek r\u00e9sz vend\u00e9geink, vagy verseny szint\u0171 darts p\u00e1ly\u00e1ink egyik\u00e9n pr\u00f3b\u00e1lhatj\u00e1k ki az egyik legismertebb \u201ekocsma sportot\u201d, esetleg nagyk\u00e9perny\u0151s t\u00e9v\u00e9ink egyik\u00e9n szurkolhatnak az [&hellip;]","og_url":"https:\/\/www.bluesbar.hu\/en\/etlap-itallap\/","og_site_name":"Renegade Tattoo &amp; Blues Bar","article_modified_time":"2025-03-13T16:51:58+00:00","twitter_card":"summary_large_image","twitter_misc":{"Est. reading time":"2 minutes"},"schema":{"@context":"https:\/\/schema.org","@graph":[{"@type":"WebPage","@id":"https:\/\/www.bluesbar.hu\/etlap-itallap\/","url":"https:\/\/www.bluesbar.hu\/etlap-itallap\/","name":"\u00c9tlap, itallap - Renegade Tattoo &amp; Blues Bar","isPartOf":{"@id":"https:\/\/www.bluesbar.hu\/#website"},"datePublished":"2024-12-15T21:31:59+00:00","dateModified":"2025-03-13T16:51:58+00:00","breadcrumb":{"@id":"https:\/\/www.bluesbar.hu\/etlap-itallap\/#breadcrumb"},"inLanguage":"en-US","potentialAction":[{"@type":"ReadAction","target":["https:\/\/www.bluesbar.hu\/etlap-itallap\/"]}]},{"@type":"BreadcrumbList","@id":"https:\/\/www.bluesbar.hu\/etlap-itallap\/#breadcrumb","itemListElement":[{"@type":"ListItem","position":1,"name":"Kezd\u0151lap","item":"https:\/\/www.bluesbar.hu\/"},{"@type":"ListItem","position":2,"name":"\u00c9tlap, itallap"}]},{"@type":"WebSite","@id":"https:\/\/www.bluesbar.hu\/#website","url":"https:\/\/www.bluesbar.hu\/","name":"Renegade Tattoo &amp; Blues Bar","description":"","potentialAction":[{"@type":"SearchAction","target":{"@type":"EntryPoint","urlTemplate":"https:\/\/www.bluesbar.hu\/?s={search_term_string}"},"query-input":{"@type":"PropertyValueSpecification","valueRequired":true,"valueName":"search_term_string"}}],"inLanguage":"en-US"}]}},"_links":{"self":[{"href":"https:\/\/www.bluesbar.hu\/en\/wp-json\/wp\/v2\/pages\/307","targetHints":{"allow":["GET"]}}],"collection":[{"href":"https:\/\/www.bluesbar.hu\/en\/wp-json\/wp\/v2\/pages"}],"about":[{"href":"https:\/\/www.bluesbar.hu\/en\/wp-json\/wp\/v2\/types\/page"}],"author":[{"embeddable":true,"href":"https:\/\/www.bluesbar.hu\/en\/wp-json\/wp\/v2\/users\/1"}],"replies":[{"embeddable":true,"href":"https:\/\/www.bluesbar.hu\/en\/wp-json\/wp\/v2\/comments?post=307"}],"version-history":[{"count":8,"href":"https:\/\/www.bluesbar.hu\/en\/wp-json\/wp\/v2\/pages\/307\/revisions"}],"predecessor-version":[{"id":498,"href":"https:\/\/www.bluesbar.hu\/en\/wp-json\/wp\/v2\/pages\/307\/revisions\/498"}],"wp:attachment":[{"href":"https:\/\/www.bluesbar.hu\/en\/wp-json\/wp\/v2\/media?parent=307"}],"curies":[{"name":"wp","href":"https:\/\/api.w.org\/{rel}","templated":true}]}}