{"id":33,"date":"2024-11-17T08:55:29","date_gmt":"2024-11-17T07:55:29","guid":{"rendered":"https:\/\/www.bluesbar.hu\/?page_id=33"},"modified":"2024-12-17T22:02:45","modified_gmt":"2024-12-17T21:02:45","slug":"rolunk","status":"publish","type":"page","link":"https:\/\/www.bluesbar.hu\/en\/rolunk\/","title":{"rendered":"About Us"},"content":{"rendered":"<p>[et_pb_section fb_built=&#8221;1&#8243; _builder_version=&#8221;4.27.3&#8243; _module_preset=&#8221;default&#8221; background_color=&#8221;#111111&#8243; use_background_color_gradient=&#8221;on&#8221; background_color_gradient_stops=&#8221;rgba(27,27,25,0.8) 0%|rgba(27,27,25,0.8) 100%&#8221; background_color_gradient_overlays_image=&#8221;on&#8221; background_image=&#8221;https:\/\/www.bluesbar.hu\/wp-content\/uploads\/2024\/12\/bluesbarbg-1.jpg&#8221; background_repeat=&#8221;repeat-y&#8221; custom_margin=&#8221;0px||0px||false|false&#8221; custom_padding=&#8221;120px||50px||false|false&#8221; hover_enabled=&#8221;0&#8243; global_colors_info=&#8221;{}&#8221; sticky_enabled=&#8221;0&#8243;][et_pb_row _builder_version=&#8221;4.27.3&#8243; _module_preset=&#8221;default&#8221; custom_margin=&#8221;0px||||false|false&#8221; custom_padding=&#8221;0px||0px||false|false&#8221; global_colors_info=&#8221;{}&#8221;][et_pb_column type=&#8221;4_4&#8243; _builder_version=&#8221;4.27.3&#8243; _module_preset=&#8221;default&#8221; global_colors_info=&#8221;{}&#8221;][et_pb_text _builder_version=&#8221;4.27.3&#8243; _module_preset=&#8221;default&#8221; header_2_font=&#8221;ench||||||||&#8221; header_2_text_align=&#8221;center&#8221; header_2_text_color=&#8221;#e5e5e5&#8243; header_2_font_size=&#8221;68px&#8221; global_colors_info=&#8221;{}&#8221;]<\/p>\n<h2>About Us<\/h2>\n<p>[\/et_pb_text][\/et_pb_column][\/et_pb_row][et_pb_row column_structure=&#8221;1_2,1_2&#8243; make_equal=&#8221;on&#8221; _builder_version=&#8221;4.27.3&#8243; _module_preset=&#8221;default&#8221; custom_css_main_element=&#8221;align-items: center;&#8221; global_colors_info=&#8221;{}&#8221;][et_pb_column type=&#8221;1_2&#8243; _builder_version=&#8221;4.27.3&#8243; _module_preset=&#8221;default&#8221; global_colors_info=&#8221;{}&#8221;][et_pb_text _builder_version=&#8221;4.27.3&#8243; _module_preset=&#8221;default&#8221; global_colors_info=&#8221;{}&#8221;]<\/p>\n<p>Our story, our dream...<\/p>\n<p>In the nearly thirty years since its founding, Renegade Tattoo has consistently represented itself at a high standard in the Hungarian tattoo industry. We are proud of the artists we have had the opportunity to work with during this time, and of our guests from home and abroad, whose ideas we have been able to help realize. Tattoo artists such as Medve, Psycho Bal\u00e1zs, Moln\u00e1r \u00c1d\u00e1m (Painbrush) and many other talented artists helped us in this. This is how the salon became one of the most visited places in the capital among those who want to get a tattoo.<\/p>\n<p>But now the time has come to develop further and realize an old dream...<\/p>\n<p>[\/et_pb_text][\/et_pb_column][et_pb_column type=&#8221;1_2&#8243; _builder_version=&#8221;4.27.3&#8243; _module_preset=&#8221;default&#8221; global_colors_info=&#8221;{}&#8221;][et_pb_image src=&#8221;https:\/\/www.bluesbar.hu\/wp-content\/uploads\/2024\/12\/PM_0052-1-scaled.jpg&#8221; title_text=&#8221;_PM_0052 (1)&#8221; _builder_version=&#8221;4.27.3&#8243; _module_preset=&#8221;default&#8221; global_colors_info=&#8221;{}&#8221;][\/et_pb_image][\/et_pb_column][\/et_pb_row][et_pb_row column_structure=&#8221;1_2,1_2&#8243; make_equal=&#8221;on&#8221; _builder_version=&#8221;4.27.3&#8243; _module_preset=&#8221;default&#8221; custom_css_main_element=&#8221;align-items: center;&#8221; global_colors_info=&#8221;{}&#8221;][et_pb_column type=&#8221;1_2&#8243; _builder_version=&#8221;4.27.3&#8243; _module_preset=&#8221;default&#8221; global_colors_info=&#8221;{}&#8221;][et_pb_image src=&#8221;https:\/\/www.bluesbar.hu\/wp-content\/uploads\/2024\/12\/PM_0035-1-1-scaled.jpg&#8221; title_text=&#8221;_PM_0035 (1) (1)&#8221; _builder_version=&#8221;4.27.3&#8243; _module_preset=&#8221;default&#8221; global_colors_info=&#8221;{}&#8221;][\/et_pb_image][\/et_pb_column][et_pb_column type=&#8221;1_2&#8243; _builder_version=&#8221;4.27.3&#8243; _module_preset=&#8221;default&#8221; global_colors_info=&#8221;{}&#8221;][et_pb_text _builder_version=&#8221;4.27.3&#8243; _module_preset=&#8221;default&#8221; global_colors_info=&#8221;{}&#8221;]<\/p>\n<p>This is none other than Renegade Tattoo &amp; Blues Bar, where we combine the atmosphere of American blues bars with the high standards of our tattoo parlor. We do this in a quaint, yet completely dreamlike location in the 8th district.<\/p>\n<p>We offer quality entertainment in our bar, where our guests can enjoy live music concerts on weekends, try one of the most famous \"pub sports\" on one of our competition-level darts courts, or cheer on the teams of current sporting events on one of our big-screen TVs.<\/p>\n<p>Not a single weekday goes by without music playing continuously within our walls, and there is no shortage of programs.<\/p>\n<p>[\/et_pb_text][\/et_pb_column][\/et_pb_row][et_pb_row column_structure=&#8221;1_2,1_2&#8243; make_equal=&#8221;on&#8221; _builder_version=&#8221;4.27.3&#8243; _module_preset=&#8221;default&#8221; custom_css_main_element=&#8221;align-items: center;&#8221; global_colors_info=&#8221;{}&#8221;][et_pb_column type=&#8221;1_2&#8243; _builder_version=&#8221;4.27.3&#8243; _module_preset=&#8221;default&#8221; global_colors_info=&#8221;{}&#8221;][et_pb_text _builder_version=&#8221;4.27.3&#8243; _module_preset=&#8221;default&#8221; global_colors_info=&#8221;{}&#8221;]<\/p>\n<p>We are an ideal place for those who like the American lifestyle we represent, the smoky blues, the biker vibe. We try to adapt our drink selection to the tastes of our guests, but you can also stop by in the morning for a coffee or breakfast.<\/p>\n<p>Thanks to the artistic versatility of our tattoo artists working on our floor, our guests can be sure to find the most suitable artist to realize their idea. But if you don't have a specific, mature idea yet, we are happy to help with that too.<\/p>\n<p>[\/et_pb_text][\/et_pb_column][et_pb_column type=&#8221;1_2&#8243; _builder_version=&#8221;4.27.3&#8243; _module_preset=&#8221;default&#8221; global_colors_info=&#8221;{}&#8221;][et_pb_image src=&#8221;https:\/\/www.bluesbar.hu\/wp-content\/uploads\/2024\/12\/PM_0141-1-scaled.jpg&#8221; title_text=&#8221;_PM_0141 (1)&#8221; _builder_version=&#8221;4.27.3&#8243; _module_preset=&#8221;default&#8221; global_colors_info=&#8221;{}&#8221;][\/et_pb_image][\/et_pb_column][\/et_pb_row][\/et_pb_section][et_pb_section fb_built=&#8221;1&#8243; _builder_version=&#8221;4.27.3&#8243; _module_preset=&#8221;default&#8221; custom_padding=&#8221;0px||0px||false|false&#8221; border_width_top=&#8221;2px&#8221; border_color_top=&#8221;#950303&#8243; border_width_bottom=&#8221;2px&#8221; border_color_bottom=&#8221;#950303&#8243; global_colors_info=&#8221;{}&#8221;][et_pb_row _builder_version=&#8221;4.27.3&#8243; _module_preset=&#8221;default&#8221; width=&#8221;100%&#8221; max_width=&#8221;2440px&#8221; custom_padding=&#8221;0px||0px||false|false&#8221; global_colors_info=&#8221;{}&#8221;][et_pb_column type=&#8221;4_4&#8243; _builder_version=&#8221;4.27.3&#8243; _module_preset=&#8221;default&#8221; global_colors_info=&#8221;{}&#8221;][et_pb_image src=&#8221;https:\/\/www.bluesbar.hu\/wp-content\/uploads\/2024\/12\/decor-line-2-black.jpg&#8221; title_text=&#8221;decor-line-2-black&#8221; _builder_version=&#8221;4.27.3&#8243; _module_preset=&#8221;default&#8221; global_colors_info=&#8221;{}&#8221;][\/et_pb_image][\/et_pb_column][\/et_pb_row][\/et_pb_section]<\/p>","protected":false},"excerpt":{"rendered":"<p>R\u00f3lunkA mi t\u00f6rt\u00e9net\u00fcnk, a mi \u00e1lmunk\u2026. A Renegade Tattoo alap\u00edt\u00e1sa \u00f3ta eltelt k\u00f6zel harminc \u00e9vben t\u00f6retlen\u00fcl magas sz\u00ednvonalon k\u00e9pviselte mag\u00e1t a hazai tetov\u00e1l\u00f3 szakm\u00e1ban. B\u00fcszk\u00e9k vagyunk a m\u0171v\u00e9szekre, akikkel ezen [&hellip;]<\/p>","protected":false},"author":2,"featured_media":0,"parent":0,"menu_order":0,"comment_status":"closed","ping_status":"closed","template":"","meta":{"_et_pb_use_builder":"on","_et_pb_old_content":"","_et_gb_content_width":"","footnotes":""},"class_list":["post-33","page","type-page","status-publish","hentry"],"yoast_head":"<!-- This site is optimized with the Yoast SEO plugin v24.0 - https:\/\/yoast.com\/wordpress\/plugins\/seo\/ -->\n<title>R\u00f3lunk - Renegade Tattoo &amp; Blues Bar<\/title>\n<meta name=\"robots\" content=\"index, follow, max-snippet:-1, max-image-preview:large, max-video-preview:-1\" \/>\n<link rel=\"canonical\" href=\"https:\/\/www.bluesbar.hu\/en\/rolunk\/\" \/>\n<meta property=\"og:locale\" content=\"en_US\" \/>\n<meta property=\"og:type\" content=\"article\" \/>\n<meta property=\"og:title\" content=\"R\u00f3lunk - Renegade Tattoo &amp; Blues Bar\" \/>\n<meta property=\"og:description\" content=\"Min\u0151s\u00e9gi kikapcsol\u00f3d\u00e1st k\u00edn\u00e1lunk b\u00e1runkban, ahol h\u00e9tv\u00e9genk\u00e9nt \u00e9l\u0151zenei koncerteken vehetnek r\u00e9sz vend\u00e9geink, vagy verseny szint\u0171 darts p\u00e1ly\u00e1ink egyik\u00e9n pr\u00f3b\u00e1lhatj\u00e1k ki az egyik legismertebb \u201ekocsma sportot\u201d, esetleg nagyk\u00e9perny\u0151s t\u00e9v\u00e9ink egyik\u00e9n szurkolhatnak az [&hellip;]\" \/>\n<meta property=\"og:url\" content=\"https:\/\/www.bluesbar.hu\/en\/rolunk\/\" \/>\n<meta property=\"og:site_name\" content=\"Renegade Tattoo &amp; Blues Bar\" \/>\n<meta property=\"article:modified_time\" content=\"2024-12-17T21:02:45+00:00\" \/>\n<meta name=\"twitter:card\" content=\"summary_large_image\" \/>\n<meta name=\"twitter:label1\" content=\"Est. reading time\" \/>\n\t<meta name=\"twitter:data1\" content=\"5 minutes\" \/>\n<script type=\"application\/ld+json\" class=\"yoast-schema-graph\">{\"@context\":\"https:\/\/schema.org\",\"@graph\":[{\"@type\":\"WebPage\",\"@id\":\"https:\/\/www.bluesbar.hu\/rolunk\/\",\"url\":\"https:\/\/www.bluesbar.hu\/rolunk\/\",\"name\":\"R\u00f3lunk - Renegade Tattoo &amp; Blues Bar\",\"isPartOf\":{\"@id\":\"https:\/\/www.bluesbar.hu\/#website\"},\"datePublished\":\"2024-11-17T07:55:29+00:00\",\"dateModified\":\"2024-12-17T21:02:45+00:00\",\"breadcrumb\":{\"@id\":\"https:\/\/www.bluesbar.hu\/rolunk\/#breadcrumb\"},\"inLanguage\":\"en-US\",\"potentialAction\":[{\"@type\":\"ReadAction\",\"target\":[\"https:\/\/www.bluesbar.hu\/rolunk\/\"]}]},{\"@type\":\"BreadcrumbList\",\"@id\":\"https:\/\/www.bluesbar.hu\/rolunk\/#breadcrumb\",\"itemListElement\":[{\"@type\":\"ListItem\",\"position\":1,\"name\":\"Kezd\u0151lap\",\"item\":\"https:\/\/www.bluesbar.hu\/\"},{\"@type\":\"ListItem\",\"position\":2,\"name\":\"R\u00f3lunk\"}]},{\"@type\":\"WebSite\",\"@id\":\"https:\/\/www.bluesbar.hu\/#website\",\"url\":\"https:\/\/www.bluesbar.hu\/\",\"name\":\"Renegade Tattoo &amp; Blues Bar\",\"description\":\"\",\"potentialAction\":[{\"@type\":\"SearchAction\",\"target\":{\"@type\":\"EntryPoint\",\"urlTemplate\":\"https:\/\/www.bluesbar.hu\/?s={search_term_string}\"},\"query-input\":{\"@type\":\"PropertyValueSpecification\",\"valueRequired\":true,\"valueName\":\"search_term_string\"}}],\"inLanguage\":\"en-US\"}]}<\/script>\n<!-- \/ Yoast SEO plugin. -->","yoast_head_json":{"title":"R\u00f3lunk - Renegade Tattoo &amp; Blues Bar","robots":{"index":"index","follow":"follow","max-snippet":"max-snippet:-1","max-image-preview":"max-image-preview:large","max-video-preview":"max-video-preview:-1"},"canonical":"https:\/\/www.bluesbar.hu\/en\/rolunk\/","og_locale":"en_US","og_type":"article","og_title":"R\u00f3lunk - Renegade Tattoo &amp; Blues Bar","og_description":"Min\u0151s\u00e9gi kikapcsol\u00f3d\u00e1st k\u00edn\u00e1lunk b\u00e1runkban, ahol h\u00e9tv\u00e9genk\u00e9nt \u00e9l\u0151zenei koncerteken vehetnek r\u00e9sz vend\u00e9geink, vagy verseny szint\u0171 darts p\u00e1ly\u00e1ink egyik\u00e9n pr\u00f3b\u00e1lhatj\u00e1k ki az egyik legismertebb \u201ekocsma sportot\u201d, esetleg nagyk\u00e9perny\u0151s t\u00e9v\u00e9ink egyik\u00e9n szurkolhatnak az [&hellip;]","og_url":"https:\/\/www.bluesbar.hu\/en\/rolunk\/","og_site_name":"Renegade Tattoo &amp; Blues Bar","article_modified_time":"2024-12-17T21:02:45+00:00","twitter_card":"summary_large_image","twitter_misc":{"Est. reading time":"5 minutes"},"schema":{"@context":"https:\/\/schema.org","@graph":[{"@type":"WebPage","@id":"https:\/\/www.bluesbar.hu\/rolunk\/","url":"https:\/\/www.bluesbar.hu\/rolunk\/","name":"R\u00f3lunk - Renegade Tattoo &amp; Blues Bar","isPartOf":{"@id":"https:\/\/www.bluesbar.hu\/#website"},"datePublished":"2024-11-17T07:55:29+00:00","dateModified":"2024-12-17T21:02:45+00:00","breadcrumb":{"@id":"https:\/\/www.bluesbar.hu\/rolunk\/#breadcrumb"},"inLanguage":"en-US","potentialAction":[{"@type":"ReadAction","target":["https:\/\/www.bluesbar.hu\/rolunk\/"]}]},{"@type":"BreadcrumbList","@id":"https:\/\/www.bluesbar.hu\/rolunk\/#breadcrumb","itemListElement":[{"@type":"ListItem","position":1,"name":"Kezd\u0151lap","item":"https:\/\/www.bluesbar.hu\/"},{"@type":"ListItem","position":2,"name":"R\u00f3lunk"}]},{"@type":"WebSite","@id":"https:\/\/www.bluesbar.hu\/#website","url":"https:\/\/www.bluesbar.hu\/","name":"Renegade Tattoo &amp; Blues Bar","description":"","potentialAction":[{"@type":"SearchAction","target":{"@type":"EntryPoint","urlTemplate":"https:\/\/www.bluesbar.hu\/?s={search_term_string}"},"query-input":{"@type":"PropertyValueSpecification","valueRequired":true,"valueName":"search_term_string"}}],"inLanguage":"en-US"}]}},"_links":{"self":[{"href":"https:\/\/www.bluesbar.hu\/en\/wp-json\/wp\/v2\/pages\/33","targetHints":{"allow":["GET"]}}],"collection":[{"href":"https:\/\/www.bluesbar.hu\/en\/wp-json\/wp\/v2\/pages"}],"about":[{"href":"https:\/\/www.bluesbar.hu\/en\/wp-json\/wp\/v2\/types\/page"}],"author":[{"embeddable":true,"href":"https:\/\/www.bluesbar.hu\/en\/wp-json\/wp\/v2\/users\/2"}],"replies":[{"embeddable":true,"href":"https:\/\/www.bluesbar.hu\/en\/wp-json\/wp\/v2\/comments?post=33"}],"version-history":[{"count":5,"href":"https:\/\/www.bluesbar.hu\/en\/wp-json\/wp\/v2\/pages\/33\/revisions"}],"predecessor-version":[{"id":374,"href":"https:\/\/www.bluesbar.hu\/en\/wp-json\/wp\/v2\/pages\/33\/revisions\/374"}],"wp:attachment":[{"href":"https:\/\/www.bluesbar.hu\/en\/wp-json\/wp\/v2\/media?parent=33"}],"curies":[{"name":"wp","href":"https:\/\/api.w.org\/{rel}","templated":true}]}}