{"id":354,"date":"2024-12-15T23:09:21","date_gmt":"2024-12-15T22:09:21","guid":{"rendered":"https:\/\/www.bluesbar.hu\/?page_id=354"},"modified":"2025-01-22T09:21:38","modified_gmt":"2025-01-22T08:21:38","slug":"renegade-szilveszter","status":"publish","type":"page","link":"https:\/\/www.bluesbar.hu\/en\/renegade-szilveszter\/","title":{"rendered":"Renegade Szilveszter"},"content":{"rendered":"<p>[et_pb_section fb_built=&#8221;1&#8243; _builder_version=&#8221;4.27.3&#8243; _module_preset=&#8221;default&#8221; background_color=&#8221;#111111&#8243; use_background_color_gradient=&#8221;on&#8221; background_color_gradient_stops=&#8221;rgba(27,27,25,0.8) 0%|rgba(27,27,25,0.8) 100%&#8221; background_color_gradient_overlays_image=&#8221;on&#8221; background_image=&#8221;https:\/\/www.bluesbar.hu\/wp-content\/uploads\/2024\/12\/bluesbarbg-1.jpg&#8221; background_repeat=&#8221;repeat-y&#8221; custom_margin=&#8221;0px||0px||false|false&#8221; custom_padding=&#8221;6%||50px||false|false&#8221; hover_enabled=&#8221;0&#8243; global_colors_info=&#8221;{}&#8221; sticky_enabled=&#8221;0&#8243;][et_pb_row _builder_version=&#8221;4.27.3&#8243; _module_preset=&#8221;default&#8221; custom_margin=&#8221;0px||||false|false&#8221; custom_padding=&#8221;0px||0px||false|false&#8221; global_colors_info=&#8221;{}&#8221;][et_pb_column type=&#8221;4_4&#8243; _builder_version=&#8221;4.27.3&#8243; _module_preset=&#8221;default&#8221; global_colors_info=&#8221;{}&#8221;][et_pb_text _builder_version=&#8221;4.27.3&#8243; _module_preset=&#8221;default&#8221; header_2_font=&#8221;ench||||||||&#8221; header_2_text_align=&#8221;center&#8221; header_2_text_color=&#8221;#dddddd&#8221; header_2_font_size=&#8221;68px&#8221; global_colors_info=&#8221;{}&#8221;]<\/p>\n<h2>Renegade Szilveszter<\/h2>\n<p>[\/et_pb_text][\/et_pb_column][\/et_pb_row][et_pb_row _builder_version=&#8221;4.27.3&#8243; _module_preset=&#8221;default&#8221; global_colors_info=&#8221;{}&#8221;][et_pb_column type=&#8221;4_4&#8243; _builder_version=&#8221;4.27.3&#8243; _module_preset=&#8221;default&#8221; global_colors_info=&#8221;{}&#8221;][et_pb_image src=&#8221;https:\/\/www.bluesbar.hu\/wp-content\/uploads\/2024\/12\/470156735_122138935418451959_210887965975134517_n.jpg&#8221; title_text=&#8221;470156735_122138935418451959_210887965975134517_n&#8221; _builder_version=&#8221;4.27.3&#8243; _module_preset=&#8221;default&#8221; hover_enabled=&#8221;0&#8243; global_colors_info=&#8221;{}&#8221; align=&#8221;center&#8221; sticky_enabled=&#8221;0&#8243;][\/et_pb_image][\/et_pb_column][\/et_pb_row][et_pb_row column_structure=&#8221;3_5,2_5&#8243; make_equal=&#8221;on&#8221; _builder_version=&#8221;4.27.3&#8243; _module_preset=&#8221;default&#8221; hover_enabled=&#8221;0&#8243; custom_css_main_element=&#8221;align-items: center;&#8221; global_colors_info=&#8221;{}&#8221; module_alignment=&#8221;center&#8221; sticky_enabled=&#8221;0&#8243;][et_pb_column type=&#8221;3_5&#8243; _builder_version=&#8221;4.27.3&#8243; _module_preset=&#8221;default&#8221; global_colors_info=&#8221;{}&#8221;][et_pb_text _builder_version=&#8221;4.27.3&#8243; _module_preset=&#8221;default&#8221; global_colors_info=&#8221;{}&#8221;]<\/p>\n<div class=\"x11i5rnm xat24cr x1mh8g0r x1vvkbs xtlvy1s\">T\u00f6lts\u00e9tek n\u00e1lunk a 2024-es szilvesztert \u00e9s l\u00e9pj\u00fcnk \u00e1t egy\u00fctt az \u00daj\u00e9vbe!<\/div>\n<div class=\"x11i5rnm xat24cr x1mh8g0r x1vvkbs xtlvy1s\">Amit mi biztos\u00edtunk sz\u00e1motokra a bel\u00e9p\u0151jegy mell\u00e9:<br class=\"html-br\" \/>&#8211; welcome drink \u00e9rkez\u00e9skor<br class=\"html-br\" \/>&#8211; focaccia m\u00e1rtogat\u00f3s \u00e9s snackek<br class=\"html-br\" \/>&#8211; a bel\u00e9p\u0151h\u00f6z egy tombola is j\u00e1r (term\u00e9szetesen tov\u00e1bbi v\u00e1s\u00e1rl\u00e1sra is van lehet\u0151s\u00e9g)<br class=\"html-br\" \/>&#8211; f\u0151tt virsli<br class=\"html-br\" \/>&#8211; \u00e9jf\u00e9li pezsg\u0151 a koccint\u00e1shoz<\/div>\n<div class=\"x11i5rnm xat24cr x1mh8g0r x1vvkbs xtlvy1s\">Az \u00e9l\u0151zen\u00e9r\u0151l Tomi Smith \u00e9s Zen\u00e9szbar\u00e1tai gondoskodnak.<\/div>\n<div class=\"x11i5rnm xat24cr x1mh8g0r x1vvkbs xtlvy1s\">Tombolah\u00faz\u00e1s 23:00-kor<\/div>\n<div class=\"x11i5rnm xat24cr x1mh8g0r x1vvkbs xtlvy1s\">Jegyv\u00e1s\u00e1rl\u00e1s a helysz\u00ednen munkaid\u0151ben vagy online<\/div>\n<div class=\"x11i5rnm xat24cr x1mh8g0r x1vvkbs xtlvy1s\">Egy\u00e9ni 6500 Ft<span>\u00a0<\/span><\/div>\n<div class=\"x11i5rnm xat24cr x1mh8g0r x1vvkbs xtlvy1s\">P\u00e1ros 10.000 Ft<span>\u00a0<\/span><\/div>\n<div class=\"x11i5rnm xat24cr x1mh8g0r x1vvkbs xtlvy1s\">Az esem\u00e9ny napj\u00e1n 22:00 ut\u00e1n kiz\u00e1r\u00f3lag a helysz\u00ednen, egy\u00e9ni bel\u00e9p\u0151jegyeket tudunk biztos\u00edtani 8000 Ft-os \u00e1ron!<\/div>\n<div class=\"x11i5rnm xat24cr x1mh8g0r x1vvkbs xtlvy1s\">V\u00e1runk szeretettel mindenkit!!!!<\/div>\n<p>[\/et_pb_text][\/et_pb_column][et_pb_column type=&#8221;2_5&#8243; _builder_version=&#8221;4.27.3&#8243; _module_preset=&#8221;default&#8221; global_colors_info=&#8221;{}&#8221;][et_pb_button button_url=&#8221;https:\/\/buy.stripe.com\/14k7sIgiacY47UQ8wz?locale=hu&#8221; url_new_window=&#8221;on&#8221; button_text=&#8221;Egy\u00e9ni jegy&#8221; button_alignment=&#8221;center&#8221; _builder_version=&#8221;4.27.3&#8243; _module_preset=&#8221;default&#8221; custom_button=&#8221;on&#8221; button_text_color=&#8221;#FFFFFF&#8221; button_bg_color=&#8221;#950303&#8243; button_border_width=&#8221;0px&#8221; button_border_radius=&#8221;5px&#8221; global_colors_info=&#8221;{}&#8221;][\/et_pb_button][et_pb_button button_url=&#8221;https:\/\/buy.stripe.com\/aEUcN21ngaPWfnibIM?locale=hu&#8221; url_new_window=&#8221;on&#8221; button_text=&#8221;P\u00e1ros jegy&#8221; button_alignment=&#8221;center&#8221; _builder_version=&#8221;4.27.3&#8243; _module_preset=&#8221;default&#8221; custom_button=&#8221;on&#8221; button_text_color=&#8221;#FFFFFF&#8221; button_bg_color=&#8221;#950303&#8243; button_border_width=&#8221;0px&#8221; button_border_radius=&#8221;5px&#8221; global_colors_info=&#8221;{}&#8221;][\/et_pb_button][\/et_pb_column][\/et_pb_row][\/et_pb_section][et_pb_section fb_built=&#8221;1&#8243; _builder_version=&#8221;4.27.3&#8243; _module_preset=&#8221;default&#8221; custom_padding=&#8221;0px||0px||false|false&#8221; border_width_top=&#8221;2px&#8221; border_color_top=&#8221;#950303&#8243; border_width_bottom=&#8221;2px&#8221; border_color_bottom=&#8221;#950303&#8243; global_colors_info=&#8221;{}&#8221;][et_pb_row _builder_version=&#8221;4.27.3&#8243; _module_preset=&#8221;default&#8221; width=&#8221;100%&#8221; max_width=&#8221;2440px&#8221; custom_padding=&#8221;0px||0px||false|false&#8221; global_colors_info=&#8221;{}&#8221;][et_pb_column type=&#8221;4_4&#8243; _builder_version=&#8221;4.27.3&#8243; _module_preset=&#8221;default&#8221; global_colors_info=&#8221;{}&#8221;][et_pb_image src=&#8221;https:\/\/www.bluesbar.hu\/wp-content\/uploads\/2024\/12\/decor-line-2-black.jpg&#8221; title_text=&#8221;decor-line-2-black&#8221; _builder_version=&#8221;4.27.3&#8243; _module_preset=&#8221;default&#8221; global_colors_info=&#8221;{}&#8221;][\/et_pb_image][\/et_pb_column][\/et_pb_row][\/et_pb_section]<\/p>","protected":false},"excerpt":{"rendered":"<p>Renegade SzilveszterT\u00f6lts\u00e9tek n\u00e1lunk a 2024-es szilvesztert \u00e9s l\u00e9pj\u00fcnk \u00e1t egy\u00fctt az \u00daj\u00e9vbe! Amit mi biztos\u00edtunk sz\u00e1motokra a bel\u00e9p\u0151jegy mell\u00e9:- welcome drink \u00e9rkez\u00e9skor- focaccia m\u00e1rtogat\u00f3s \u00e9s snackek- a bel\u00e9p\u0151h\u00f6z egy tombola [&hellip;]<\/p>","protected":false},"author":1,"featured_media":0,"parent":0,"menu_order":0,"comment_status":"closed","ping_status":"closed","template":"","meta":{"_et_pb_use_builder":"on","_et_pb_old_content":"","_et_gb_content_width":"","footnotes":""},"class_list":["post-354","page","type-page","status-publish","hentry"],"yoast_head":"<!-- This site is optimized with the Yoast SEO plugin v24.0 - https:\/\/yoast.com\/wordpress\/plugins\/seo\/ -->\n<title>Renegade Szilveszter - Renegade Tattoo &amp; Blues Bar<\/title>\n<meta name=\"robots\" content=\"index, follow, max-snippet:-1, max-image-preview:large, max-video-preview:-1\" \/>\n<link rel=\"canonical\" href=\"https:\/\/www.bluesbar.hu\/en\/renegade-szilveszter\/\" \/>\n<meta property=\"og:locale\" content=\"en_US\" \/>\n<meta property=\"og:type\" content=\"article\" \/>\n<meta property=\"og:title\" content=\"Renegade Szilveszter - Renegade Tattoo &amp; Blues Bar\" \/>\n<meta property=\"og:description\" content=\"Min\u0151s\u00e9gi kikapcsol\u00f3d\u00e1st k\u00edn\u00e1lunk b\u00e1runkban, ahol h\u00e9tv\u00e9genk\u00e9nt \u00e9l\u0151zenei koncerteken vehetnek r\u00e9sz vend\u00e9geink, vagy verseny szint\u0171 darts p\u00e1ly\u00e1ink egyik\u00e9n pr\u00f3b\u00e1lhatj\u00e1k ki az egyik legismertebb \u201ekocsma sportot\u201d, esetleg nagyk\u00e9perny\u0151s t\u00e9v\u00e9ink egyik\u00e9n szurkolhatnak az [&hellip;]\" \/>\n<meta property=\"og:url\" content=\"https:\/\/www.bluesbar.hu\/en\/renegade-szilveszter\/\" \/>\n<meta property=\"og:site_name\" content=\"Renegade Tattoo &amp; Blues Bar\" \/>\n<meta property=\"article:modified_time\" content=\"2025-01-22T08:21:38+00:00\" \/>\n<meta name=\"twitter:card\" content=\"summary_large_image\" \/>\n<meta name=\"twitter:label1\" content=\"Est. reading time\" \/>\n\t<meta name=\"twitter:data1\" content=\"2 minutes\" \/>\n<script type=\"application\/ld+json\" class=\"yoast-schema-graph\">{\"@context\":\"https:\/\/schema.org\",\"@graph\":[{\"@type\":\"WebPage\",\"@id\":\"https:\/\/www.bluesbar.hu\/renegade-szilveszter\/\",\"url\":\"https:\/\/www.bluesbar.hu\/renegade-szilveszter\/\",\"name\":\"Renegade Szilveszter - Renegade Tattoo &amp; Blues Bar\",\"isPartOf\":{\"@id\":\"https:\/\/www.bluesbar.hu\/#website\"},\"datePublished\":\"2024-12-15T22:09:21+00:00\",\"dateModified\":\"2025-01-22T08:21:38+00:00\",\"breadcrumb\":{\"@id\":\"https:\/\/www.bluesbar.hu\/renegade-szilveszter\/#breadcrumb\"},\"inLanguage\":\"en-US\",\"potentialAction\":[{\"@type\":\"ReadAction\",\"target\":[\"https:\/\/www.bluesbar.hu\/renegade-szilveszter\/\"]}]},{\"@type\":\"BreadcrumbList\",\"@id\":\"https:\/\/www.bluesbar.hu\/renegade-szilveszter\/#breadcrumb\",\"itemListElement\":[{\"@type\":\"ListItem\",\"position\":1,\"name\":\"Kezd\u0151lap\",\"item\":\"https:\/\/www.bluesbar.hu\/\"},{\"@type\":\"ListItem\",\"position\":2,\"name\":\"Renegade Szilveszter\"}]},{\"@type\":\"WebSite\",\"@id\":\"https:\/\/www.bluesbar.hu\/#website\",\"url\":\"https:\/\/www.bluesbar.hu\/\",\"name\":\"Renegade Tattoo &amp; Blues Bar\",\"description\":\"\",\"potentialAction\":[{\"@type\":\"SearchAction\",\"target\":{\"@type\":\"EntryPoint\",\"urlTemplate\":\"https:\/\/www.bluesbar.hu\/?s={search_term_string}\"},\"query-input\":{\"@type\":\"PropertyValueSpecification\",\"valueRequired\":true,\"valueName\":\"search_term_string\"}}],\"inLanguage\":\"en-US\"}]}<\/script>\n<!-- \/ Yoast SEO plugin. -->","yoast_head_json":{"title":"Renegade Szilveszter - Renegade Tattoo &amp; Blues Bar","robots":{"index":"index","follow":"follow","max-snippet":"max-snippet:-1","max-image-preview":"max-image-preview:large","max-video-preview":"max-video-preview:-1"},"canonical":"https:\/\/www.bluesbar.hu\/en\/renegade-szilveszter\/","og_locale":"en_US","og_type":"article","og_title":"Renegade Szilveszter - Renegade Tattoo &amp; Blues Bar","og_description":"Min\u0151s\u00e9gi kikapcsol\u00f3d\u00e1st k\u00edn\u00e1lunk b\u00e1runkban, ahol h\u00e9tv\u00e9genk\u00e9nt \u00e9l\u0151zenei koncerteken vehetnek r\u00e9sz vend\u00e9geink, vagy verseny szint\u0171 darts p\u00e1ly\u00e1ink egyik\u00e9n pr\u00f3b\u00e1lhatj\u00e1k ki az egyik legismertebb \u201ekocsma sportot\u201d, esetleg nagyk\u00e9perny\u0151s t\u00e9v\u00e9ink egyik\u00e9n szurkolhatnak az [&hellip;]","og_url":"https:\/\/www.bluesbar.hu\/en\/renegade-szilveszter\/","og_site_name":"Renegade Tattoo &amp; Blues Bar","article_modified_time":"2025-01-22T08:21:38+00:00","twitter_card":"summary_large_image","twitter_misc":{"Est. reading time":"2 minutes"},"schema":{"@context":"https:\/\/schema.org","@graph":[{"@type":"WebPage","@id":"https:\/\/www.bluesbar.hu\/renegade-szilveszter\/","url":"https:\/\/www.bluesbar.hu\/renegade-szilveszter\/","name":"Renegade Szilveszter - Renegade Tattoo &amp; Blues Bar","isPartOf":{"@id":"https:\/\/www.bluesbar.hu\/#website"},"datePublished":"2024-12-15T22:09:21+00:00","dateModified":"2025-01-22T08:21:38+00:00","breadcrumb":{"@id":"https:\/\/www.bluesbar.hu\/renegade-szilveszter\/#breadcrumb"},"inLanguage":"en-US","potentialAction":[{"@type":"ReadAction","target":["https:\/\/www.bluesbar.hu\/renegade-szilveszter\/"]}]},{"@type":"BreadcrumbList","@id":"https:\/\/www.bluesbar.hu\/renegade-szilveszter\/#breadcrumb","itemListElement":[{"@type":"ListItem","position":1,"name":"Kezd\u0151lap","item":"https:\/\/www.bluesbar.hu\/"},{"@type":"ListItem","position":2,"name":"Renegade Szilveszter"}]},{"@type":"WebSite","@id":"https:\/\/www.bluesbar.hu\/#website","url":"https:\/\/www.bluesbar.hu\/","name":"Renegade Tattoo &amp; Blues Bar","description":"","potentialAction":[{"@type":"SearchAction","target":{"@type":"EntryPoint","urlTemplate":"https:\/\/www.bluesbar.hu\/?s={search_term_string}"},"query-input":{"@type":"PropertyValueSpecification","valueRequired":true,"valueName":"search_term_string"}}],"inLanguage":"en-US"}]}},"_links":{"self":[{"href":"https:\/\/www.bluesbar.hu\/en\/wp-json\/wp\/v2\/pages\/354","targetHints":{"allow":["GET"]}}],"collection":[{"href":"https:\/\/www.bluesbar.hu\/en\/wp-json\/wp\/v2\/pages"}],"about":[{"href":"https:\/\/www.bluesbar.hu\/en\/wp-json\/wp\/v2\/types\/page"}],"author":[{"embeddable":true,"href":"https:\/\/www.bluesbar.hu\/en\/wp-json\/wp\/v2\/users\/1"}],"replies":[{"embeddable":true,"href":"https:\/\/www.bluesbar.hu\/en\/wp-json\/wp\/v2\/comments?post=354"}],"version-history":[{"count":4,"href":"https:\/\/www.bluesbar.hu\/en\/wp-json\/wp\/v2\/pages\/354\/revisions"}],"predecessor-version":[{"id":388,"href":"https:\/\/www.bluesbar.hu\/en\/wp-json\/wp\/v2\/pages\/354\/revisions\/388"}],"wp:attachment":[{"href":"https:\/\/www.bluesbar.hu\/en\/wp-json\/wp\/v2\/media?parent=354"}],"curies":[{"name":"wp","href":"https:\/\/api.w.org\/{rel}","templated":true}]}}