{"id":37,"date":"2024-11-17T08:55:56","date_gmt":"2024-11-17T07:55:56","guid":{"rendered":"https:\/\/www.bluesbar.hu\/?page_id=37"},"modified":"2024-12-17T22:03:16","modified_gmt":"2024-12-17T21:03:16","slug":"kapcsolat","status":"publish","type":"page","link":"https:\/\/www.bluesbar.hu\/en\/kapcsolat\/","title":{"rendered":"Contact"},"content":{"rendered":"<p>[et_pb_section fb_built=&#8221;1&#8243; _builder_version=&#8221;4.27.3&#8243; _module_preset=&#8221;default&#8221; background_color=&#8221;#111111&#8243; use_background_color_gradient=&#8221;on&#8221; background_color_gradient_stops=&#8221;rgba(27,27,25,0.8) 0%|rgba(27,27,25,0.8) 100%&#8221; background_color_gradient_overlays_image=&#8221;on&#8221; background_image=&#8221;https:\/\/www.bluesbar.hu\/wp-content\/uploads\/2024\/12\/bluesbarbg-1.jpg&#8221; background_repeat=&#8221;repeat-y&#8221; custom_margin=&#8221;0px||0px||false|false&#8221; custom_padding=&#8221;120px||50px||false|false&#8221; hover_enabled=&#8221;0&#8243; global_colors_info=&#8221;{}&#8221; sticky_enabled=&#8221;0&#8243;][et_pb_row _builder_version=&#8221;4.27.3&#8243; _module_preset=&#8221;default&#8221; custom_margin=&#8221;0px||||false|false&#8221; custom_padding=&#8221;0px||0px||false|false&#8221; global_colors_info=&#8221;{}&#8221;][et_pb_column type=&#8221;4_4&#8243; _builder_version=&#8221;4.27.3&#8243; _module_preset=&#8221;default&#8221; global_colors_info=&#8221;{}&#8221;][et_pb_text _builder_version=&#8221;4.27.3&#8243; _module_preset=&#8221;default&#8221; header_2_font=&#8221;ench||||||||&#8221; header_2_text_align=&#8221;center&#8221; header_2_text_color=&#8221;#dddddd&#8221; header_2_font_size=&#8221;68px&#8221; global_colors_info=&#8221;{}&#8221;]<\/p>\n<h2>Contact<\/h2>\n<p>[\/et_pb_text][\/et_pb_column][\/et_pb_row][et_pb_row column_structure=&#8221;1_2,1_2&#8243; _builder_version=&#8221;4.27.3&#8243; _module_preset=&#8221;default&#8221; global_colors_info=&#8221;{}&#8221;][et_pb_column type=&#8221;1_2&#8243; _builder_version=&#8221;4.27.3&#8243; _module_preset=&#8221;default&#8221; global_colors_info=&#8221;{}&#8221;][et_pb_text _builder_version=&#8221;4.27.3&#8243; _module_preset=&#8221;default&#8221; text_font_size=&#8221;24px&#8221; link_font=&#8221;|600|||||||&#8221; header_2_font=&#8221;ench||||||||&#8221; header_2_text_color=&#8221;#dddddd&#8221; header_2_font_size=&#8221;56px&#8221; global_colors_info=&#8221;{}&#8221;]<\/p>\n<h2>Renegade Tattoo and Blues Bar<\/h2>\n<p><span><\/span><\/p>\n<p><span>1088 Budapest, R\u00e1k\u00f3czi street 17.<\/span><\/p>\n<p><span>E-mail: info@revokft.hu<\/span><a href=\"https:\/\/www.facebook.com\/profile.php?id=61563558792195\" target=\"_blank\" rel=\"noopener\"><span><\/span><\/a><\/p>\n<p>[\/et_pb_text][et_pb_social_media_follow _builder_version=&#8221;4.27.3&#8243; _module_preset=&#8221;default&#8221; global_colors_info=&#8221;{}&#8221;][et_pb_social_media_follow_network social_network=&#8221;facebook&#8221; url=&#8221;https:\/\/www.facebook.com\/profile.php?id=61563558792195&#8243; _builder_version=&#8221;4.27.3&#8243; _module_preset=&#8221;default&#8221; background_color=&#8221;#950303&#8243; background_enable_color=&#8221;on&#8221; global_colors_info=&#8221;{}&#8221; follow_button=&#8221;off&#8221; url_new_window=&#8221;on&#8221;]facebook[\/et_pb_social_media_follow_network][\/et_pb_social_media_follow][\/et_pb_column][et_pb_column type=&#8221;1_2&#8243; _builder_version=&#8221;4.27.3&#8243; _module_preset=&#8221;default&#8221; global_colors_info=&#8221;{}&#8221;][et_pb_code _builder_version=&#8221;4.27.3&#8243; _module_preset=&#8221;default&#8221; global_colors_info=&#8221;{}&#8221;]<iframe src=\"https:\/\/www.google.com\/maps\/embed?pb=!1m18!1m12!1m3!1d2695.735390973485!2d19.0615740762237!3d47.495067971179736!2m3!1f0!2f0!3f0!3m2!1i1024!2i768!4f13.1!3m3!1m2!1s0x4741ddd37fdc9183%3A0xd43d3ce88f330f76!2sRenegade%20Tattoo%20%26%20Blues%20Bar!5e0!3m2!1shu!2shu!4v1734295456999!5m2!1shu!2shu\" width=\"600\" height=\"450\" style=\"border:0;\" allowfullscreen=\"\" loading=\"lazy\" referrerpolicy=\"no-referrer-when-downgrade\"><\/iframe>[\/et_pb_code][\/et_pb_column][\/et_pb_row][\/et_pb_section][et_pb_section fb_built=&#8221;1&#8243; _builder_version=&#8221;4.27.3&#8243; _module_preset=&#8221;default&#8221; custom_padding=&#8221;0px||0px||false|false&#8221; border_width_top=&#8221;2px&#8221; border_color_top=&#8221;#950303&#8243; border_width_bottom=&#8221;2px&#8221; border_color_bottom=&#8221;#950303&#8243; global_colors_info=&#8221;{}&#8221;][et_pb_row _builder_version=&#8221;4.27.3&#8243; _module_preset=&#8221;default&#8221; width=&#8221;100%&#8221; max_width=&#8221;2440px&#8221; custom_padding=&#8221;0px||0px||false|false&#8221; global_colors_info=&#8221;{}&#8221;][et_pb_column type=&#8221;4_4&#8243; _builder_version=&#8221;4.27.3&#8243; _module_preset=&#8221;default&#8221; global_colors_info=&#8221;{}&#8221;][et_pb_image src=&#8221;https:\/\/www.bluesbar.hu\/wp-content\/uploads\/2024\/12\/decor-line-2-black.jpg&#8221; title_text=&#8221;decor-line-2-black&#8221; _builder_version=&#8221;4.27.3&#8243; _module_preset=&#8221;default&#8221; global_colors_info=&#8221;{}&#8221;][\/et_pb_image][\/et_pb_column][\/et_pb_row][\/et_pb_section]<\/p>","protected":false},"excerpt":{"rendered":"<p>KapcsolatRenegade Tattoo and Blues Bar 1088 Budapest, R\u00e1k\u00f3czi \u00fat 17. E-mail: info@revokft.hu<\/p>","protected":false},"author":2,"featured_media":0,"parent":0,"menu_order":0,"comment_status":"closed","ping_status":"closed","template":"","meta":{"_et_pb_use_builder":"on","_et_pb_old_content":"","_et_gb_content_width":"","footnotes":""},"class_list":["post-37","page","type-page","status-publish","hentry"],"yoast_head":"<!-- This site is optimized with the Yoast SEO plugin v24.0 - https:\/\/yoast.com\/wordpress\/plugins\/seo\/ -->\n<title>Kapcsolat - Renegade Tattoo &amp; Blues Bar<\/title>\n<meta name=\"robots\" content=\"index, follow, max-snippet:-1, max-image-preview:large, max-video-preview:-1\" \/>\n<link rel=\"canonical\" href=\"https:\/\/www.bluesbar.hu\/en\/kapcsolat\/\" \/>\n<meta property=\"og:locale\" content=\"en_US\" \/>\n<meta property=\"og:type\" content=\"article\" \/>\n<meta property=\"og:title\" content=\"Kapcsolat - Renegade Tattoo &amp; Blues Bar\" \/>\n<meta property=\"og:description\" content=\"Min\u0151s\u00e9gi kikapcsol\u00f3d\u00e1st k\u00edn\u00e1lunk b\u00e1runkban, ahol h\u00e9tv\u00e9genk\u00e9nt \u00e9l\u0151zenei koncerteken vehetnek r\u00e9sz vend\u00e9geink, vagy verseny szint\u0171 darts p\u00e1ly\u00e1ink egyik\u00e9n pr\u00f3b\u00e1lhatj\u00e1k ki az egyik legismertebb \u201ekocsma sportot\u201d, esetleg nagyk\u00e9perny\u0151s t\u00e9v\u00e9ink egyik\u00e9n szurkolhatnak az [&hellip;]\" \/>\n<meta property=\"og:url\" content=\"https:\/\/www.bluesbar.hu\/en\/kapcsolat\/\" \/>\n<meta property=\"og:site_name\" content=\"Renegade Tattoo &amp; Blues Bar\" \/>\n<meta property=\"article:modified_time\" content=\"2024-12-17T21:03:16+00:00\" \/>\n<meta name=\"twitter:card\" content=\"summary_large_image\" \/>\n<meta name=\"twitter:label1\" content=\"Est. reading time\" \/>\n\t<meta name=\"twitter:data1\" content=\"2 minutes\" \/>\n<script type=\"application\/ld+json\" class=\"yoast-schema-graph\">{\"@context\":\"https:\/\/schema.org\",\"@graph\":[{\"@type\":\"WebPage\",\"@id\":\"https:\/\/www.bluesbar.hu\/kapcsolat\/\",\"url\":\"https:\/\/www.bluesbar.hu\/kapcsolat\/\",\"name\":\"Kapcsolat - Renegade Tattoo &amp; Blues Bar\",\"isPartOf\":{\"@id\":\"https:\/\/www.bluesbar.hu\/#website\"},\"datePublished\":\"2024-11-17T07:55:56+00:00\",\"dateModified\":\"2024-12-17T21:03:16+00:00\",\"breadcrumb\":{\"@id\":\"https:\/\/www.bluesbar.hu\/kapcsolat\/#breadcrumb\"},\"inLanguage\":\"en-US\",\"potentialAction\":[{\"@type\":\"ReadAction\",\"target\":[\"https:\/\/www.bluesbar.hu\/kapcsolat\/\"]}]},{\"@type\":\"BreadcrumbList\",\"@id\":\"https:\/\/www.bluesbar.hu\/kapcsolat\/#breadcrumb\",\"itemListElement\":[{\"@type\":\"ListItem\",\"position\":1,\"name\":\"Kezd\u0151lap\",\"item\":\"https:\/\/www.bluesbar.hu\/\"},{\"@type\":\"ListItem\",\"position\":2,\"name\":\"Kapcsolat\"}]},{\"@type\":\"WebSite\",\"@id\":\"https:\/\/www.bluesbar.hu\/#website\",\"url\":\"https:\/\/www.bluesbar.hu\/\",\"name\":\"Renegade Tattoo &amp; Blues Bar\",\"description\":\"\",\"potentialAction\":[{\"@type\":\"SearchAction\",\"target\":{\"@type\":\"EntryPoint\",\"urlTemplate\":\"https:\/\/www.bluesbar.hu\/?s={search_term_string}\"},\"query-input\":{\"@type\":\"PropertyValueSpecification\",\"valueRequired\":true,\"valueName\":\"search_term_string\"}}],\"inLanguage\":\"en-US\"}]}<\/script>\n<!-- \/ Yoast SEO plugin. -->","yoast_head_json":{"title":"Kapcsolat - Renegade Tattoo &amp; Blues Bar","robots":{"index":"index","follow":"follow","max-snippet":"max-snippet:-1","max-image-preview":"max-image-preview:large","max-video-preview":"max-video-preview:-1"},"canonical":"https:\/\/www.bluesbar.hu\/en\/kapcsolat\/","og_locale":"en_US","og_type":"article","og_title":"Kapcsolat - Renegade Tattoo &amp; Blues Bar","og_description":"Min\u0151s\u00e9gi kikapcsol\u00f3d\u00e1st k\u00edn\u00e1lunk b\u00e1runkban, ahol h\u00e9tv\u00e9genk\u00e9nt \u00e9l\u0151zenei koncerteken vehetnek r\u00e9sz vend\u00e9geink, vagy verseny szint\u0171 darts p\u00e1ly\u00e1ink egyik\u00e9n pr\u00f3b\u00e1lhatj\u00e1k ki az egyik legismertebb \u201ekocsma sportot\u201d, esetleg nagyk\u00e9perny\u0151s t\u00e9v\u00e9ink egyik\u00e9n szurkolhatnak az [&hellip;]","og_url":"https:\/\/www.bluesbar.hu\/en\/kapcsolat\/","og_site_name":"Renegade Tattoo &amp; Blues Bar","article_modified_time":"2024-12-17T21:03:16+00:00","twitter_card":"summary_large_image","twitter_misc":{"Est. reading time":"2 minutes"},"schema":{"@context":"https:\/\/schema.org","@graph":[{"@type":"WebPage","@id":"https:\/\/www.bluesbar.hu\/kapcsolat\/","url":"https:\/\/www.bluesbar.hu\/kapcsolat\/","name":"Kapcsolat - Renegade Tattoo &amp; Blues Bar","isPartOf":{"@id":"https:\/\/www.bluesbar.hu\/#website"},"datePublished":"2024-11-17T07:55:56+00:00","dateModified":"2024-12-17T21:03:16+00:00","breadcrumb":{"@id":"https:\/\/www.bluesbar.hu\/kapcsolat\/#breadcrumb"},"inLanguage":"en-US","potentialAction":[{"@type":"ReadAction","target":["https:\/\/www.bluesbar.hu\/kapcsolat\/"]}]},{"@type":"BreadcrumbList","@id":"https:\/\/www.bluesbar.hu\/kapcsolat\/#breadcrumb","itemListElement":[{"@type":"ListItem","position":1,"name":"Kezd\u0151lap","item":"https:\/\/www.bluesbar.hu\/"},{"@type":"ListItem","position":2,"name":"Kapcsolat"}]},{"@type":"WebSite","@id":"https:\/\/www.bluesbar.hu\/#website","url":"https:\/\/www.bluesbar.hu\/","name":"Renegade Tattoo &amp; Blues Bar","description":"","potentialAction":[{"@type":"SearchAction","target":{"@type":"EntryPoint","urlTemplate":"https:\/\/www.bluesbar.hu\/?s={search_term_string}"},"query-input":{"@type":"PropertyValueSpecification","valueRequired":true,"valueName":"search_term_string"}}],"inLanguage":"en-US"}]}},"_links":{"self":[{"href":"https:\/\/www.bluesbar.hu\/en\/wp-json\/wp\/v2\/pages\/37","targetHints":{"allow":["GET"]}}],"collection":[{"href":"https:\/\/www.bluesbar.hu\/en\/wp-json\/wp\/v2\/pages"}],"about":[{"href":"https:\/\/www.bluesbar.hu\/en\/wp-json\/wp\/v2\/types\/page"}],"author":[{"embeddable":true,"href":"https:\/\/www.bluesbar.hu\/en\/wp-json\/wp\/v2\/users\/2"}],"replies":[{"embeddable":true,"href":"https:\/\/www.bluesbar.hu\/en\/wp-json\/wp\/v2\/comments?post=37"}],"version-history":[{"count":5,"href":"https:\/\/www.bluesbar.hu\/en\/wp-json\/wp\/v2\/pages\/37\/revisions"}],"predecessor-version":[{"id":375,"href":"https:\/\/www.bluesbar.hu\/en\/wp-json\/wp\/v2\/pages\/37\/revisions\/375"}],"wp:attachment":[{"href":"https:\/\/www.bluesbar.hu\/en\/wp-json\/wp\/v2\/media?parent=37"}],"curies":[{"name":"wp","href":"https:\/\/api.w.org\/{rel}","templated":true}]}}